{"id":8132,"date":"2025-02-03T06:23:09","date_gmt":"2025-02-03T06:23:09","guid":{"rendered":"https:\/\/visit85.com\/mapa-del-sitio\/"},"modified":"2025-06-09T15:30:13","modified_gmt":"2025-06-09T15:30:13","slug":"mapa-del-sitio","status":"publish","type":"page","link":"https:\/\/visit85.com\/es\/mapa-del-sitio\/","title":{"rendered":"Mapa del sitio"},"content":{"rendered":"<style>.elementor-8132 .elementor-element.elementor-element-e22bf53{--display:flex;--flex-direction:row;--container-widget-width:calc( ( 1 - var( --container-widget-flex-grow ) ) * 100% );--container-widget-height:100%;--container-widget-flex-grow:1;--container-widget-align-self:stretch;--flex-wrap-mobile:wrap;--justify-content:center;--align-items:center;--padding-top:264px;--padding-bottom:164px;--padding-left:0px;--padding-right:0px;}.elementor-8132 .elementor-element.elementor-element-e22bf53:not(.elementor-motion-effects-element-type-background), .elementor-8132 .elementor-element.elementor-element-e22bf53 > .elementor-motion-effects-container > .elementor-motion-effects-layer{background-color:transparent;background-image:linear-gradient(148deg, var( --e-global-color-45d3d51 ) 48%, var( --e-global-color-secondary ) 100%);}.elementor-8132 .elementor-element.elementor-element-e815e6b{--display:flex;}.elementor-8132 .elementor-element.elementor-element-08ba8f5 .elementor-heading-title{font-size:54px;line-height:1.2em;color:#EECB94;}.elementor-8132 .elementor-element.elementor-element-74d0cad .breadcrumb{text-align:left;font-family:\"Epilogue\", Sans-serif;font-size:14px;font-weight:700;text-transform:none;font-style:normal;text-decoration:none;line-height:1.3em;color:var( --e-global-color-accent );}.elementor-8132 .elementor-element.elementor-element-74d0cad .breadcrumb a{color:var( --e-global-color-ee6de7f );}.elementor-8132 .elementor-element.elementor-element-74d0cad .breadcrumb a:hover{color:var( --e-global-color-accent );}.elementor-8132 .elementor-element.elementor-element-74d0cad > .elementor-widget-container{margin:-15px 0px 0px 0px;padding:0px 0px 0px 0px;}.elementor-8132 .elementor-element.elementor-element-74d0cad{width:100%;max-width:100%;}.elementor-8132 .elementor-element.elementor-element-77d6440{--display:flex;}.elementor-8132 .elementor-element.elementor-element-6e797c3{--display:flex;--flex-direction:column;--container-widget-width:100%;--container-widget-height:initial;--container-widget-flex-grow:0;--container-widget-align-self:initial;--flex-wrap-mobile:wrap;}.elementor-8132 .elementor-element.elementor-element-49385180{--display:flex;}@media(max-width:1366px){.elementor-8132 .elementor-element.elementor-element-08ba8f5 .elementor-heading-title{font-size:40px;}}@media(min-width:768px){.elementor-8132 .elementor-element.elementor-element-e22bf53{--content-width:1164px;}}@media(max-width:767px){.elementor-8132 .elementor-element.elementor-element-e22bf53{--padding-top:120px;--padding-bottom:40px;--padding-left:12px;--padding-right:12px;}.elementor-8132 .elementor-element.elementor-element-08ba8f5 .elementor-heading-title{font-size:28px;}}<\/style>\t\t<div data-elementor-type=\"wp-page\" data-elementor-id=\"8132\" class=\"elementor elementor-8132 elementor-2543\" data-elementor-settings=\"{&quot;ha_cmc_init_switcher&quot;:&quot;no&quot;}\">\n\t\t\t\t<div class=\"elementor-element elementor-element-e22bf53 e-flex e-con-boxed wpr-particle-no wpr-jarallax-no wpr-parallax-no wpr-sticky-section-no wpr-equal-height-no e-con e-parent\" data-id=\"e22bf53\" data-element_type=\"container\" data-e-type=\"container\" data-settings=\"{&quot;background_background&quot;:&quot;gradient&quot;,&quot;_ha_eqh_enable&quot;:false}\">\n\t\t\t\t\t<div class=\"e-con-inner\">\n\t\t<div class=\"elementor-element elementor-element-e815e6b e-con-full e-flex wpr-particle-no wpr-jarallax-no wpr-parallax-no wpr-sticky-section-no wpr-equal-height-no e-con e-child\" data-id=\"e815e6b\" data-element_type=\"container\" data-e-type=\"container\" data-settings=\"{&quot;_ha_eqh_enable&quot;:false}\">\n\t\t\t\t<div class=\"elementor-element elementor-element-08ba8f5 elementor-widget elementor-widget-heading\" data-id=\"08ba8f5\" data-element_type=\"widget\" data-e-type=\"widget\" data-widget_type=\"heading.default\">\n\t\t\t\t<div class=\"elementor-widget-container\">\n\t\t\t\t\t<h1 class=\"elementor-heading-title elementor-size-default\">Mapa del sitio<\/h1>\t\t\t\t<\/div>\n\t\t\t\t<\/div>\n\t\t\t\t<div class=\"elementor-element elementor-element-74d0cad elementor-widget__width-inherit elementor-widget elementor-widget-sp-breadcrumbs\" data-id=\"74d0cad\" data-element_type=\"widget\" data-e-type=\"widget\" data-widget_type=\"sp-breadcrumbs.default\">\n\t\t\t\t<div class=\"elementor-widget-container\">\n\t\t\t\t\t<nav  aria-label=\"migas de pan\"><ol class=\"breadcrumb\" itemscope itemtype=\"https:\/\/schema.org\/BreadcrumbList\"><li class=\"breadcrumb-item active\" aria-current=\"page\" itemprop=\"itemListElement\" itemscope itemtype=\"https:\/\/schema.org\/ListItem\"><span itemprop=\"name\">Inicio<\/span><meta itemprop=\"position\" content=\"1\"><\/li><\/ol><\/nav>\t\t\t\t<\/div>\n\t\t\t\t<\/div>\n\t\t\t\t<\/div>\n\t\t<div class=\"elementor-element elementor-element-77d6440 e-con-full e-flex wpr-particle-no wpr-jarallax-no wpr-parallax-no wpr-sticky-section-no wpr-equal-height-no e-con e-child\" data-id=\"77d6440\" data-element_type=\"container\" data-e-type=\"container\" data-settings=\"{&quot;background_background&quot;:&quot;classic&quot;,&quot;_ha_eqh_enable&quot;:false}\">\n\t\t\t\t<\/div>\n\t\t\t\t\t<\/div>\n\t\t\t\t<\/div>\n\t\t<div class=\"elementor-element elementor-element-6e797c3 e-flex e-con-boxed wpr-particle-no wpr-jarallax-no wpr-parallax-no wpr-sticky-section-no wpr-equal-height-no e-con e-parent\" data-id=\"6e797c3\" data-element_type=\"container\" data-e-type=\"container\" data-settings=\"{&quot;_ha_eqh_enable&quot;:false}\">\n\t\t\t\t\t<div class=\"e-con-inner\">\n\t\t<div class=\"elementor-element elementor-element-49385180 e-con-full e-flex wpr-particle-no wpr-jarallax-no wpr-parallax-no wpr-sticky-section-no wpr-equal-height-no e-con e-child\" data-id=\"49385180\" data-element_type=\"container\" data-e-type=\"container\" data-settings=\"{&quot;_ha_eqh_enable&quot;:false}\">\n\t\t\t\t<div class=\"elementor-element elementor-element-3efdfea elementor-widget elementor-widget-shortcode\" data-id=\"3efdfea\" data-element_type=\"widget\" data-e-type=\"widget\" data-widget_type=\"shortcode.default\">\n\t\t\t\t<div class=\"elementor-widget-container\">\n\t\t\t\t\t\t\t<div class=\"elementor-shortcode\"><div class=\"wrap-html-sitemap sp-html-sitemap\"><div class=\"sp-wrap-cpt\"><h2 class=\"sp-cpt-name\">P\u00e1ginas<\/h2><ul class=\"sp-list-posts sp-cpt-hierarchical\"><li class=\"page_item page-item-11524 menu-item\"><a href=\"https:\/\/visit85.com\/es\/blog\/\" class=\"menu-link\">Blog<\/a><\/li><li class=\"page_item page-item-8796 menu-item\"><a href=\"https:\/\/visit85.com\/es\/cuando-debes-visitar-el-puy-du-fou\/\" class=\"menu-link\">\u00bfCu\u00e1ndo debes visitar el Puy du Fou?<\/a><\/li><li class=\"page_item page-item-8399 menu-item\"><a href=\"https:\/\/visit85.com\/es\/noticias-del-parque-del-puy-du-fou\/\" class=\"menu-link\">Noticias del Parque del Puy du Fou<\/a><\/li><li class=\"page_item page-item-8351 menu-item\"><a href=\"https:\/\/visit85.com\/es\/ofertas-y-promociones-actuales-para-puy-du-fou\/\" class=\"menu-link\">Ofertas y promociones actuales para Puy du Fou<\/a><\/li><li class=\"page_item page-item-8348 menu-item\"><a href=\"https:\/\/visit85.com\/es\/puy-du-fou-avisos-y-espectaculos\/\" class=\"menu-link\">Avisos y espect\u00e1culos<\/a><\/li><li class=\"page_item page-item-8248 menu-item\"><a href=\"https:\/\/visit85.com\/es\/experiencia-in-situ-en-puy-du-fou\/\" class=\"menu-link\">Experiencia in situ<\/a><\/li><li class=\"page_item page-item-8224 menu-item\"><a href=\"https:\/\/visit85.com\/es\/alojamiento-en-los-alrededores-de-le-puy-du-fou\/\" class=\"menu-link\">Alojamiento en los alrededores de Le Puy du Fou<\/a><\/li><li class=\"page_item page-item-8236 menu-item\"><a href=\"https:\/\/visit85.com\/es\/entradas-y-estancias-en-puy-du-fou\/\" class=\"menu-link\">Permanece<\/a><\/li><li class=\"page_item page-item-8251 menu-item\"><a href=\"https:\/\/visit85.com\/es\/prepara-tu-visita-a-puy-du-fou\/\" class=\"menu-link\">Preparar su visita<\/a><\/li><li class=\"page_item page-item-8232 menu-item\"><a href=\"https:\/\/visit85.com\/es\/puedo-venir-al-puy-du-fou-sin-pasar-la-noche\/\" class=\"menu-link\">\u00bfPuedo venir al Puy du Fou sin pasar la noche?<\/a><\/li><li class=\"page_item page-item-8245 menu-item\"><a href=\"https:\/\/visit85.com\/es\/como-evitar-las-multitudes-en-puy-du-fou\/\" class=\"menu-link\">\u00bfC\u00f3mo evitar las aglomeraciones en Puy du Fou?<\/a><\/li><li class=\"page_item page-item-8395 menu-item\"><a href=\"https:\/\/visit85.com\/es\/donde-puedo-aparcar-gratis-en-el-puy-du-fou\/\" class=\"menu-link\">\u00bfD\u00f3nde puedo aparcar gratuitamente en el Puy du Fou?<\/a><\/li><li class=\"page_item page-item-8192 menu-item\"><a href=\"https:\/\/visit85.com\/es\/estancia-de-1-o-2-dias-cual-elegir\/\" class=\"menu-link\">Escapada de 1 o 2 d\u00edas: \u00bfqu\u00e9 elegir?<\/a><\/li><li class=\"page_item page-item-8196 menu-item\"><a href=\"https:\/\/visit85.com\/es\/top-hoteles-con-piscina-cerca-de-puy-du-fou\/\" class=\"menu-link\">Top hoteles con piscina cerca de Puy du Fou<\/a><\/li><li class=\"page_item page-item-8242 menu-item\"><a href=\"https:\/\/visit85.com\/es\/comparacion-pase-emocional-vs-pase-clasico\/\" class=\"menu-link\">Comparaci\u00f3n: Emotion pass vs. classic pass<\/a><\/li><li class=\"page_item page-item-8234 menu-item\"><a href=\"https:\/\/visit85.com\/es\/espectaculos-nocturnos-en-puy-du-fou\/\" class=\"menu-link\">Espect\u00e1culos nocturnos en Puy du Fou<\/a><\/li><li class=\"page_item page-item-8363 menu-item\"><a href=\"https:\/\/visit85.com\/es\/visitar-puy-du-fou-embarazada-o-con-un-bebe\/\" class=\"menu-link\">Visitar Puy du Fou embarazada o con un beb\u00e9<\/a><\/li><li class=\"page_item page-item-8373 menu-item\"><a href=\"https:\/\/visit85.com\/es\/que-hacer-en-los-alrededores-de-le-puy-du-fou\/\" class=\"menu-link\">Qu\u00e9 hacer en los alrededores de Le Puy du Fou<\/a><\/li><li class=\"page_item page-item-8276 menu-item\"><a href=\"https:\/\/visit85.com\/es\/puy-du-fou-o-futuroscope-cual-elegir\/\" class=\"menu-link\">Puy du Fou o Futuroscope: \u00bfcu\u00e1l elegir?<\/a><\/li><li class=\"page_item page-item-8249 menu-item\"><a href=\"https:\/\/visit85.com\/es\/preguntas-frecuentes-y-consejos-practicos\/\" class=\"menu-link\">Preguntas frecuentes y consejos pr\u00e1cticos<\/a><\/li><li class=\"page_item page-item-8377 menu-item\"><a href=\"https:\/\/visit85.com\/es\/el-tiempo-en-puy-du-fou-hay-motivo-de-preocupacion\/\" class=\"menu-link\">El tiempo en Puy du Fou: \u00bfhay motivos para preocuparse?<\/a><\/li><li class=\"page_item page-item-8174 menu-item\"><a href=\"https:\/\/visit85.com\/es\/puedes-hacer-un-picnic-en-el-puy-du-fou\/\" class=\"menu-link\">\u00bfPuedes hacer un picnic en el Puy du Fou?<\/a><\/li><li class=\"page_item page-item-8215 menu-item\"><a href=\"https:\/\/visit85.com\/es\/visitar-el-puy-du-fou-con-ninos\/\" class=\"menu-link\">Visitar el Puy du Fou con ni\u00f1os<\/a><\/li><li class=\"page_item page-item-8391 menu-item\"><a href=\"https:\/\/visit85.com\/es\/como-llegar-a-puy-du-fou\/\" class=\"menu-link\">C\u00f3mo llegar a Puy du Fou<\/a><\/li><li class=\"page_item page-item-8214 menu-item\"><a href=\"https:\/\/visit85.com\/es\/donde-comer-en-el-parque-del-puy-du-fou\/\" class=\"menu-link\">D\u00f3nde comer en el parque del Puy du Fou<\/a><\/li><li class=\"page_item page-item-8258 menu-item\"><a href=\"https:\/\/visit85.com\/es\/cuanto-debes-presupuestar-para-visitar-el-puy-du-fou\/\" class=\"menu-link\">\u00bfCu\u00e1nto debes presupuestar para visitar el Puy du Fou?<\/a><\/li><li class=\"page_item page-item-8202 menu-item\"><a href=\"https:\/\/visit85.com\/es\/los-5-espectaculos-que-no-te-puedes-perder\/\" class=\"menu-link\">Los 5 espect\u00e1culos que no te puedes perder<\/a><\/li><li class=\"page_item page-item-8211 menu-item\"><a href=\"https:\/\/visit85.com\/es\/debo-reservar-la-cinescenie\/\" class=\"menu-link\">\u00bfDebo reservar la Cin\u00e9sc\u00e9nie?<\/a><\/li><li class=\"page_item page-item-8260 menu-item\"><a href=\"https:\/\/visit85.com\/es\/opiniones-sobre-puy-du-fou\/\" class=\"menu-link\">Opiniones sobre Puy du Fou<\/a><\/li><li class=\"page_item page-item-8267 menu-item\"><a href=\"https:\/\/visit85.com\/es\/mapa-del-parque-del-puy-du-fou\/\" class=\"menu-link\">Mapa del parque del Puy du Fou<\/a><\/li><li class=\"page_item page-item-8229 menu-item\"><a href=\"https:\/\/visit85.com\/es\/cuantos-dias-puedo-estar-en-puy-du-fou\/\" class=\"menu-link\">\u00bfCu\u00e1ntos d\u00edas puedo estar en Puy du Fou?<\/a><\/li><li class=\"page_item page-item-8181 menu-item\"><a href=\"https:\/\/visit85.com\/es\/ofertas-y-promociones-de-puy-du-fou\/\" class=\"menu-link\">Ofertas y promociones de Puy du Fou<\/a><\/li><li class=\"page_item page-item-8264 menu-item\"><a href=\"https:\/\/visit85.com\/es\/donde-comprar-tu-billete-para-el-puy-du-fou\/\" class=\"menu-link\">D\u00f3nde comprar tu billete para el Puy du Fou<\/a><\/li><li class=\"page_item page-item-8227 menu-item\"><a href=\"https:\/\/visit85.com\/es\/campings-y-casas-rurales-en-los-alrededores-de-puy-du-fou\/\" class=\"menu-link\">Campings y casas rurales en los alrededores de Puy du Fou<\/a><\/li><li class=\"page_item page-item-8206 menu-item\"><a href=\"https:\/\/visit85.com\/es\/dormir-en-el-parque-hoteles-tematicos\/\" class=\"menu-link\">Dormir en el parque (hoteles tem\u00e1ticos)<\/a><\/li><li class=\"page_item page-item-8198 menu-item\"><a href=\"https:\/\/visit85.com\/es\/mejor-hotel-de-puy-du-fou\/\" class=\"menu-link\">Mejor hotel de Puy du Fou<\/a><\/li><li class=\"page_item page-item-8186 menu-item\"><a href=\"https:\/\/visit85.com\/es\/escapada-al-puy-du-fou-con-todo-incluido\/\" class=\"menu-link\">Escapada al Puy du Fou con todo incluido<\/a><\/li><li class=\"page_item page-item-8210 menu-item\"><a href=\"https:\/\/visit85.com\/es\/precios-de-puy-du-fou-2025\/\" class=\"menu-link\">Entradas y precios<\/a><\/li><li class=\"page_item page-item-8146 menu-item\"><a href=\"https:\/\/visit85.com\/es\/entradas-baratas-puy-du-fou\/\" class=\"menu-link\">Entradas Baratas Puy du Fou<\/a><\/li><li class=\"page_item page-item-8160 menu-item\"><a href=\"https:\/\/visit85.com\/es\/sobre-nosotros\/\" class=\"menu-link\">Sobre nosotros<\/a><\/li><li class=\"page_item page-item-8132 menu-item\"><a href=\"https:\/\/visit85.com\/es\/mapa-del-sitio\/\" class=\"menu-link\">Mapa del sitio<\/a><\/li><li class=\"page_item page-item-8137 menu-item\"><a href=\"https:\/\/visit85.com\/es\/ponte-en-contacto-con\/\" class=\"menu-link\">P\u00f3ngase en contacto con<\/a><\/li><li class=\"page_item page-item-8150 menu-item\"><a href=\"https:\/\/visit85.com\/es\/\" class=\"menu-link\">Inicio<\/a><\/li><\/ul><\/div><div class=\"sp-wrap-cpt\"><h2 class=\"sp-cpt-name\">Entradas<\/h2><div class=\"sp-wrap-cats\"><div class=\"sp-wrap-cat\"><h3 class=\"sp-cat-name\"><a href=\"https:\/\/visit85.com\/es\/guia-turistica\/\">Gu\u00eda tur\u00edstica<\/a><\/h3><ul class=\"sp-list-posts\"><li><a href=\"https:\/\/visit85.com\/es\/opinion-sobre-la-cinescenie-uno-de-los-mayores-espectaculos-del-mundo-que-no-hay-que-perderse\/\">Opini\u00f3n sobre La Cin\u00e9sc\u00e9nie: Uno de los mayores espect\u00e1culos del mundo, que no hay que perderse<\/a> - 28 agosto 2025<\/li><li><a href=\"https:\/\/visit85.com\/es\/opiniones-sobre-le-bal-des-oiseaux-fantomes-el-majestuoso-vuelo-de-las-rapaces-en-puy-du-fou\/\">Opiniones sobre Le Bal des Oiseaux Fant\u00f4mes: El majestuoso vuelo de las rapaces en Puy du Fou<\/a> - 25 agosto 2025<\/li><li><a href=\"https:\/\/visit85.com\/es\/opiniones-sobre-les-noces-de-feu-una-historia-de-amor-contada-con-luz-y-fuego\/\">Opiniones sobre Les Noces de Feu: Una historia de amor contada con luz y fuego<\/a> - 23 agosto 2025<\/li><li><a href=\"https:\/\/visit85.com\/es\/opiniones-sobre-lepee-du-roi-arthur-una-inmersion-historica-ineludible-en-le-puy-du-fou\/\">Opiniones sobre l&#8217;\u00c9p\u00e9e du Roi Arthur: una inmersi\u00f3n hist\u00f3rica ineludible en Le Puy du Fou<\/a> - 21 agosto 2025<\/li><li><a href=\"https:\/\/visit85.com\/es\/resenas-de-vikingos-historia-viva-en-puy-du-fou\/\">Rese\u00f1as de Vikingos: Historia viva en Puy du Fou<\/a> - 18 agosto 2025<\/li><li><a href=\"https:\/\/visit85.com\/es\/por-que-elegir-unas-vacaciones-con-hotel-incluido-para-tu-visita-a-puy-du-fou\/\">\u00bfPor qu\u00e9 elegir unas vacaciones con hotel incluido para tu visita a Puy du Fou?<\/a> - 2 junio 2025<\/li><li><a href=\"https:\/\/visit85.com\/es\/puy-du-fou-ideas-de-excursiones-y-visitas-por-el-parque\/\">Puy du Fou: ideas de excursiones y visitas por el parque<\/a> - 2 junio 2025<\/li><li><a href=\"https:\/\/visit85.com\/es\/los-diferentes-pases-y-entradas-disponibles-para-puy-du-fou-comparacion\/\">Los diferentes pases y entradas disponibles para Puy du Fou: comparaci\u00f3n<\/a> - 2 junio 2025<\/li><li><a href=\"https:\/\/visit85.com\/es\/que-hay-de-nuevo-en-puy-du-fou-en-2025\/\">\u00bfQu\u00e9 hay de nuevo en Puy du Fou en 2025?<\/a> - 2 junio 2025<\/li><li><a href=\"https:\/\/visit85.com\/es\/que-equipo-debes-llevar-para-pasar-un-dia-en-el-puy-du-fou\/\">\u00bfQu\u00e9 equipo debes llevar para pasar un d\u00eda en el Puy du Fou?<\/a> - 2 junio 2025<\/li><li><a href=\"https:\/\/visit85.com\/es\/como-puedes-combinar-puy-du-fou-y-descubrir-la-region-de-vendee\/\">\u00bfC\u00f3mo puedes combinar Puy du Fou y descubrir la regi\u00f3n de Vend\u00e9e?<\/a> - 2 junio 2025<\/li><li><a href=\"https:\/\/visit85.com\/es\/restaurantes-y-establecimientos-de-alimentacion-que-debes-conocer-en-puy-du-fou\/\">Restaurantes y establecimientos de alimentaci\u00f3n que debes conocer en Puy du Fou<\/a> - 2 junio 2025<\/li><li><a href=\"https:\/\/visit85.com\/es\/como-puedes-ahorrar-en-tus-entradas-para-puy-du-fou-a-traves-de-la-afiliacion\/\">\u00bfC\u00f3mo puedes ahorrar en tus entradas para Puy du Fou a trav\u00e9s de la afiliaci\u00f3n?<\/a> - 2 junio 2025<\/li><li><a href=\"https:\/\/visit85.com\/es\/el-puy-du-fou-en-familia-actividades-y-servicios-adaptados-a-los-ninos\/\">El Puy du Fou en familia: actividades y servicios adaptados a los ni\u00f1os<\/a> - 2 junio 2025<\/li><li><a href=\"https:\/\/visit85.com\/es\/puy-du-fou-en-verano-consejos-para-soportar-el-calor-y-aprovecharlo-al-maximo\/\">Puy du Fou en verano: consejos para soportar el calor y aprovecharlo al m\u00e1ximo<\/a> - 2 junio 2025<\/li><li><a href=\"https:\/\/visit85.com\/es\/como-preparas-tu-visita-a-puy-du-fou-con-ninos\/\">\u00bfC\u00f3mo preparas tu visita a Puy du Fou con ni\u00f1os?<\/a> - 2 junio 2025<\/li><li><a href=\"https:\/\/visit85.com\/es\/paquetes-todo-incluido-en-puy-du-fou-cuanto-valen\/\">Paquetes todo incluido en Puy du Fou: \u00bfcu\u00e1nto valen?<\/a> - 2 junio 2025<\/li><li><a href=\"https:\/\/visit85.com\/es\/donde-alojarse-en-puy-du-fou-los-10-mejores-alojamientos-cerca-del-parque\/\">\u00bfD\u00f3nde alojarse en Puy du Fou? Los 10 mejores alojamientos cerca del parque<\/a> - 2 junio 2025<\/li><li><a href=\"https:\/\/visit85.com\/es\/vacaciones-en-puy-du-fou-consejos-para-aprovechar-al-maximo-tu-visita\/\">Vacaciones en Puy du Fou: consejos para aprovechar al m\u00e1ximo tu visita<\/a> - 2 junio 2025<\/li><li><a href=\"https:\/\/visit85.com\/es\/como-puedo-comprar-entradas-para-puy-du-fou-en-linea-de-forma-segura\/\">\u00bfC\u00f3mo puedo comprar entradas para Puy du Fou en l\u00ednea de forma segura?<\/a> - 2 junio 2025<\/li><li><a href=\"https:\/\/visit85.com\/es\/puy-du-fou-espectaculos-ineludibles\/\">Puy du Fou: espect\u00e1culos ineludibles<\/a> - 2 junio 2025<\/li><li><a href=\"https:\/\/visit85.com\/es\/hoteles-alrededor-de-puy-du-fou-nuestras-recomendaciones-para-todos-los-bolsillos\/\">Hoteles alrededor de Puy du Fou: nuestras recomendaciones para todos los bolsillos<\/a> - 2 junio 2025<\/li><li><a href=\"https:\/\/visit85.com\/es\/los-mejores-momentos-para-visitar-el-puy-du-fou-sin-multitudes\/\">Los mejores momentos para visitar el Puy du Fou sin multitudes<\/a> - 2 junio 2025<\/li><li><a href=\"https:\/\/visit85.com\/es\/entradas-puy-du-fou-donde-comprar-al-mejor-precio\/\">Entradas Puy du Fou: \u00bfd\u00f3nde comprar al mejor precio?<\/a> - 2 junio 2025<\/li><li><a href=\"https:\/\/visit85.com\/es\/como-organizar-tu-estancia-en-puy-du-fou-guia-completa\/\">C\u00f3mo organizar tu estancia en Puy du Fou: gu\u00eda completa<\/a> - 2 junio 2025<\/li><\/ul><\/div><\/div><\/div><\/div>\n<\/div>\n\t\t\t\t\t\t<\/div>\n\t\t\t\t<\/div>\n\t\t\t\t<\/div>\n\t\t\t\t\t<\/div>\n\t\t\t\t<\/div>\n\t\t\t\t<\/div>\n\t\t","protected":false},"excerpt":{"rendered":"<p>Mapa del sitio Accueil<\/p>\n","protected":false},"author":1,"featured_media":0,"parent":0,"menu_order":0,"comment_status":"closed","ping_status":"closed","template":"elementor_header_footer","meta":{"_seopress_robots_primary_cat":"","_seopress_titles_title":"","_seopress_titles_desc":"","_seopress_robots_index":"","site-sidebar-layout":"default","site-content-layout":"","ast-site-content-layout":"default","site-content-style":"default","site-sidebar-style":"default","ast-global-header-display":"","ast-banner-title-visibility":"","ast-main-header-display":"","ast-hfb-above-header-display":"","ast-hfb-below-header-display":"","ast-hfb-mobile-header-display":"","site-post-title":"","ast-breadcrumbs-content":"","ast-featured-img":"","footer-sml-layout":"","ast-disable-related-posts":"","theme-transparent-header-meta":"","adv-header-id-meta":"","stick-header-meta":"","header-above-stick-meta":"","header-main-stick-meta":"","header-below-stick-meta":"","astra-migrate-meta-layouts":"default","ast-page-background-enabled":"default","ast-page-background-meta":{"desktop":{"background-color":"var(--ast-global-color-4)","background-image":"","background-repeat":"repeat","background-position":"center center","background-size":"auto","background-attachment":"scroll","background-type":"","background-media":"","overlay-type":"","overlay-color":"","overlay-opacity":"","overlay-gradient":""},"tablet":{"background-color":"","background-image":"","background-repeat":"repeat","background-position":"center center","background-size":"auto","background-attachment":"scroll","background-type":"","background-media":"","overlay-type":"","overlay-color":"","overlay-opacity":"","overlay-gradient":""},"mobile":{"background-color":"","background-image":"","background-repeat":"repeat","background-position":"center center","background-size":"auto","background-attachment":"scroll","background-type":"","background-media":"","overlay-type":"","overlay-color":"","overlay-opacity":"","overlay-gradient":""}},"ast-content-background-meta":{"desktop":{"background-color":"var(--ast-global-color-5)","background-image":"","background-repeat":"repeat","background-position":"center center","background-size":"auto","background-attachment":"scroll","background-type":"","background-media":"","overlay-type":"","overlay-color":"","overlay-opacity":"","overlay-gradient":""},"tablet":{"background-color":"var(--ast-global-color-5)","background-image":"","background-repeat":"repeat","background-position":"center center","background-size":"auto","background-attachment":"scroll","background-type":"","background-media":"","overlay-type":"","overlay-color":"","overlay-opacity":"","overlay-gradient":""},"mobile":{"background-color":"var(--ast-global-color-5)","background-image":"","background-repeat":"repeat","background-position":"center center","background-size":"auto","background-attachment":"scroll","background-type":"","background-media":"","overlay-type":"","overlay-color":"","overlay-opacity":"","overlay-gradient":""}},"footnotes":""},"class_list":["post-8132","page","type-page","status-publish","hentry"],"_links":{"self":[{"href":"https:\/\/visit85.com\/es\/wp-json\/wp\/v2\/pages\/8132","targetHints":{"allow":["GET"]}}],"collection":[{"href":"https:\/\/visit85.com\/es\/wp-json\/wp\/v2\/pages"}],"about":[{"href":"https:\/\/visit85.com\/es\/wp-json\/wp\/v2\/types\/page"}],"author":[{"embeddable":true,"href":"https:\/\/visit85.com\/es\/wp-json\/wp\/v2\/users\/1"}],"replies":[{"embeddable":true,"href":"https:\/\/visit85.com\/es\/wp-json\/wp\/v2\/comments?post=8132"}],"version-history":[{"count":0,"href":"https:\/\/visit85.com\/es\/wp-json\/wp\/v2\/pages\/8132\/revisions"}],"wp:attachment":[{"href":"https:\/\/visit85.com\/es\/wp-json\/wp\/v2\/media?parent=8132"}],"curies":[{"name":"wp","href":"https:\/\/api.w.org\/{rel}","templated":true}]}}