{"id":8140,"date":"2025-02-03T06:23:08","date_gmt":"2025-02-03T05:23:08","guid":{"rendered":"https:\/\/visit85.com\/informacion-legal\/"},"modified":"2025-06-26T07:28:08","modified_gmt":"2025-06-26T05:28:08","slug":"informacion-legal","status":"publish","type":"page","link":"https:\/\/visit85.com\/es\/informacion-legal\/","title":{"rendered":"Informaci\u00f3n legal"},"content":{"rendered":"<style>.elementor-8140 .elementor-element.elementor-element-04c8e65{--display:flex;--flex-direction:row;--container-widget-width:calc( ( 1 - var( --container-widget-flex-grow ) ) * 100% );--container-widget-height:100%;--container-widget-flex-grow:1;--container-widget-align-self:stretch;--flex-wrap-mobile:wrap;--justify-content:center;--align-items:center;--padding-top:264px;--padding-bottom:164px;--padding-left:0px;--padding-right:0px;}.elementor-8140 .elementor-element.elementor-element-04c8e65:not(.elementor-motion-effects-element-type-background), .elementor-8140 .elementor-element.elementor-element-04c8e65 > .elementor-motion-effects-container > .elementor-motion-effects-layer{background-color:transparent;background-image:linear-gradient(148deg, var( --e-global-color-45d3d51 ) 48%, var( --e-global-color-secondary ) 100%);}.elementor-8140 .elementor-element.elementor-element-f4694c0{--display:flex;}.elementor-8140 .elementor-element.elementor-element-d74e90f .elementor-heading-title{font-size:54px;line-height:1.2em;color:#EECB94;}.elementor-8140 .elementor-element.elementor-element-6c9e43f .breadcrumb{text-align:left;font-family:\"Epilogue\", Sans-serif;font-size:14px;font-weight:700;text-transform:none;font-style:normal;text-decoration:none;line-height:1.3em;color:var( --e-global-color-accent );}.elementor-8140 .elementor-element.elementor-element-6c9e43f .breadcrumb a{color:var( --e-global-color-ee6de7f );}.elementor-8140 .elementor-element.elementor-element-6c9e43f .breadcrumb a:hover{color:var( --e-global-color-accent );}.elementor-8140 .elementor-element.elementor-element-6c9e43f > .elementor-widget-container{margin:-15px 0px 0px 0px;padding:0px 0px 0px 0px;}.elementor-8140 .elementor-element.elementor-element-6c9e43f{width:100%;max-width:100%;}.elementor-8140 .elementor-element.elementor-element-cfd0d8d{--display:flex;}.elementor-8140 .elementor-element.elementor-element-65e8bb8e{--display:flex;--padding-top:40px;--padding-bottom:40px;--padding-left:40px;--padding-right:40px;}@media(min-width:768px){.elementor-8140 .elementor-element.elementor-element-04c8e65{--content-width:1164px;}}@media(max-width:1366px) and (min-width:768px){.elementor-8140 .elementor-element.elementor-element-04c8e65{--content-width:1100px;}}@media(max-width:1366px){.elementor-8140 .elementor-element.elementor-element-04c8e65{--padding-top:240px;--padding-bottom:80px;--padding-left:0px;--padding-right:0px;}.elementor-8140 .elementor-element.elementor-element-d74e90f .elementor-heading-title{font-size:40px;}}@media(max-width:767px){.elementor-8140 .elementor-element.elementor-element-04c8e65{--padding-top:120px;--padding-bottom:40px;--padding-left:12px;--padding-right:12px;}.elementor-8140 .elementor-element.elementor-element-d74e90f .elementor-heading-title{font-size:28px;}.elementor-8140 .elementor-element.elementor-element-6c9e43f .breadcrumb{font-size:11px;}.elementor-8140 .elementor-element.elementor-element-65e8bb8e{--padding-top:20px;--padding-bottom:20px;--padding-left:20px;--padding-right:20px;}}<\/style>\t\t<div data-elementor-type=\"wp-page\" data-elementor-id=\"8140\" class=\"elementor elementor-8140 elementor-926\" data-elementor-settings=\"{&quot;ha_cmc_init_switcher&quot;:&quot;no&quot;}\">\n\t\t\t\t<div class=\"elementor-element elementor-element-04c8e65 e-flex e-con-boxed wpr-particle-no wpr-jarallax-no wpr-parallax-no wpr-sticky-section-no wpr-equal-height-no e-con e-parent\" data-id=\"04c8e65\" data-element_type=\"container\" data-e-type=\"container\" data-settings=\"{&quot;background_background&quot;:&quot;gradient&quot;,&quot;_ha_eqh_enable&quot;:false}\">\n\t\t\t\t\t<div class=\"e-con-inner\">\n\t\t<div class=\"elementor-element elementor-element-f4694c0 e-con-full e-flex wpr-particle-no wpr-jarallax-no wpr-parallax-no wpr-sticky-section-no wpr-equal-height-no e-con e-child\" data-id=\"f4694c0\" data-element_type=\"container\" data-e-type=\"container\" data-settings=\"{&quot;_ha_eqh_enable&quot;:false}\">\n\t\t\t\t<div class=\"elementor-element elementor-element-d74e90f elementor-widget elementor-widget-heading\" data-id=\"d74e90f\" data-element_type=\"widget\" data-e-type=\"widget\" data-widget_type=\"heading.default\">\n\t\t\t\t<div class=\"elementor-widget-container\">\n\t\t\t\t\t<h1 class=\"elementor-heading-title elementor-size-default\">Informaci\u00f3n jur\u00eddica<\/h1>\t\t\t\t<\/div>\n\t\t\t\t<\/div>\n\t\t\t\t<div class=\"elementor-element elementor-element-6c9e43f elementor-widget__width-inherit elementor-widget elementor-widget-sp-breadcrumbs\" data-id=\"6c9e43f\" data-element_type=\"widget\" data-e-type=\"widget\" data-widget_type=\"sp-breadcrumbs.default\">\n\t\t\t\t<div class=\"elementor-widget-container\">\n\t\t\t\t\t<nav  aria-label=\"migas de pan\"><ol class=\"breadcrumb\" itemscope itemtype=\"https:\/\/schema.org\/BreadcrumbList\"><li class=\"breadcrumb-item active\" aria-current=\"page\" itemprop=\"itemListElement\" itemscope itemtype=\"https:\/\/schema.org\/ListItem\"><span itemprop=\"name\">Inicio<\/span><meta itemprop=\"position\" content=\"1\"><\/li><\/ol><\/nav>\t\t\t\t<\/div>\n\t\t\t\t<\/div>\n\t\t\t\t<\/div>\n\t\t<div class=\"elementor-element elementor-element-cfd0d8d e-con-full e-flex wpr-particle-no wpr-jarallax-no wpr-parallax-no wpr-sticky-section-no wpr-equal-height-no e-con e-child\" data-id=\"cfd0d8d\" data-element_type=\"container\" data-e-type=\"container\" data-settings=\"{&quot;background_background&quot;:&quot;classic&quot;,&quot;_ha_eqh_enable&quot;:false}\">\n\t\t\t\t<\/div>\n\t\t\t\t\t<\/div>\n\t\t\t\t<\/div>\n\t\t<div class=\"elementor-element elementor-element-65e8bb8e e-flex e-con-boxed wpr-particle-no wpr-jarallax-no wpr-parallax-no wpr-sticky-section-no wpr-equal-height-no e-con e-parent\" data-id=\"65e8bb8e\" data-element_type=\"container\" data-e-type=\"container\" data-settings=\"{&quot;_ha_eqh_enable&quot;:false}\">\n\t\t\t\t\t<div class=\"e-con-inner\">\n\t\t\t\t<div class=\"elementor-element elementor-element-7ec3cf39 elementor-widget elementor-widget-text-editor\" data-id=\"7ec3cf39\" data-element_type=\"widget\" data-e-type=\"widget\" data-widget_type=\"text-editor.default\">\n\t\t\t\t<div class=\"elementor-widget-container\">\n\t\t\t\t\t\t\t\t\t<p>De conformidad con las disposiciones de los art\u00edculos 6-III y 19 de la Ley n\u00ba 2004-575 de 21 de junio de 2004 sobre la confianza en la econom\u00eda digital, conocida como L.C.E.N., se informa a los usuarios y visitantes del sitio Visit85.com de lo siguiente<span style=\"font-style: inherit; font-weight: inherit;\">&nbsp;el presente aviso legal. El sitio web &nbsp;<\/span>Visita85.com<span style=\"font-style: inherit; font-weight: inherit;\">&nbsp;puede consultarse en la siguiente direcci\u00f3n: https:\/\/visit85.com\/ (en lo sucesivo, \u201cel Sitio\u201d). El acceso y uso del Sitio est\u00e1n sujetos al presente \u201cAviso Legal\u201d que se detalla a continuaci\u00f3n, as\u00ed como a las leyes y\/o reglamentos aplicables. La conexi\u00f3n, el uso y el acceso a este sitio implican la aceptaci\u00f3n plena y sin reservas por parte del internauta de todas las disposiciones del presente Aviso Legal. En aplicaci\u00f3n del art\u00edculo 6 de la Ley n\u00ba 2004-575 de 21 de junio de 2004 sobre la confianza en la econom\u00eda digital, el presente art\u00edculo precisa la identidad de las distintas partes implicadas en su creaci\u00f3n y seguimiento.   <\/span><\/p>\n<h2>Accesibilidad<\/h2>\n<p>En principio, el Sitio es accesible a los Usuarios 24 horas al d\u00eda, 7 d\u00edas a la semana, salvo interrupci\u00f3n, programada o no, por motivos de mantenimiento o en caso de fuerza mayor. En caso de imposibilidad de acceso al Sitio, \u00e9ste se compromete a hacer todo lo posible para restablecer el acceso. El Sitio no podr\u00e1 ser considerado responsable de ning\u00fan da\u00f1o resultante de su indisponibilidad.  <\/p>\n<h2>Legislaci\u00f3n y jurisdicci\u00f3n aplicables<\/h2>\n<p>El presente aviso legal se rige por la legislaci\u00f3n francesa. En caso de litigio y a falta de acuerdo amistoso, \u00e9ste se someter\u00e1 a los tribunales franceses de conformidad con las normas de competencia vigentes. <\/p>\n<h2>Propiedad intelectual<\/h2>\n<p>Todo el contenido de Visit85.com (textos, fotos, dibujos) es propiedad de su autor. Est\u00e1 protegido por las leyes de propiedad intelectual. Queda prohibida la reproducci\u00f3n total o parcial de este sitio sin la autorizaci\u00f3n expresa del editor.  <\/p>\n<p style=\"font-size: 16px; font-style: normal; font-weight: 400;\">Las marcas mencionadas, en particular <em>Puy du Fou<\/em>, est\u00e1n protegidas por el derecho de propiedad intelectual y pertenecen a sus respectivos propietarios.<\/p>\n<h2>Editorial<\/h2>\n<ul>\n<li>Tirox Media, 6 rue de la Chicanette, 34880 LAVERUNE SAS con un capital de 1.000 euros inscrita en el RCS Montpellier con el n\u00famero 884067026.<\/li>\n<li>Director de publicaci\u00f3n: M. Issarte<\/li>\n<li>Correo electr\u00f3nico: a trav\u00e9s del formulario de contacto al final de la p\u00e1gina<\/li>\n<\/ul>\n<h2>Anfitri\u00f3n<\/h2>\n<p>o2switch 222-224 Boulevard Gustave Flaubert 63000 Clermont-Ferrand<\/p>\n<h2>Confidencialidad<\/h2>\n<p>Se informa a los usuarios de que, cuando visitan el sitio, puede instalarse autom\u00e1ticamente una cookie en su navegador. Una cookie es un bloque de datos que no permite identificar al usuario, pero que se utiliza para registrar informaci\u00f3n relativa a su navegaci\u00f3n por el sitio. Las cookies pueden utilizarse para facilitar el acceso de los usuarios a sus cuentas y para mostrar banners publicitarios y ofertas por correo electr\u00f3nico adaptadas a sus h\u00e1bitos de navegaci\u00f3n.  <\/p>\n<h2>Afiliaci\u00f3n y publicidad<\/h2>\n<p>Este sitio puede contener enlaces de afiliados en determinadas p\u00e1ginas. Esto significa que cada vez que un visitante utiliza o compra un servicio haciendo clic en un enlace de afiliado, se paga una comisi\u00f3n al editor de este sitio sin coste adicional para el usuario. Este sitio tambi\u00e9n puede contener art\u00edculos o anuncios.  <\/p>\t\t\t\t\t\t\t\t<\/div>\n\t\t\t\t<\/div>\n\t\t\t\t\t<\/div>\n\t\t\t\t<\/div>\n\t\t\t\t<\/div>\n\t\t","protected":false},"excerpt":{"rendered":"<p>Informaci\u00f3n jur\u00eddica Accueil De conformidad con las disposiciones de los art\u00edculos 6-III y 19 de la Ley n\u00ba 2004-575 de 21 de junio de 2004 sobre la confianza en la econom\u00eda digital, conocida como L.C.E.N., se informa a los usuarios y visitantes del sitio Visit85.com de lo siguiente&nbsp;el presente aviso legal. El sitio web &nbsp;Visita85.com&nbsp;puede consultarse en la siguiente direcci\u00f3n: https:\/\/visit85.com\/ (en lo sucesivo, \u201cel Sitio\u201d). El acceso y uso del Sitio est\u00e1n sujetos al presente \u201cAviso Legal\u201d que se detalla a continuaci\u00f3n, as\u00ed como a las leyes y\/o reglamentos aplicables. La conexi\u00f3n, el uso y el acceso a este sitio implican la aceptaci\u00f3n plena y sin reservas por parte del internauta de todas las disposiciones del presente Aviso Legal. En aplicaci\u00f3n del art\u00edculo 6 de la Ley n\u00ba 2004-575 de 21 de junio de 2004 sobre la confianza en la econom\u00eda digital, el presente art\u00edculo precisa la identidad de las distintas partes implicadas en su creaci\u00f3n y seguimiento. Accesibilidad En principio, el Sitio es accesible a los Usuarios 24 horas al d\u00eda, 7 d\u00edas a la semana, salvo interrupci\u00f3n, programada o no, por motivos de mantenimiento o en caso de fuerza mayor. En caso de imposibilidad de acceso al Sitio, \u00e9ste se compromete a hacer todo lo posible para restablecer el acceso. El Sitio no podr\u00e1 ser considerado responsable de ning\u00fan da\u00f1o resultante de su indisponibilidad. Legislaci\u00f3n y jurisdicci\u00f3n aplicables El presente aviso legal se rige por la legislaci\u00f3n francesa. En caso de litigio y a falta de acuerdo amistoso, \u00e9ste se someter\u00e1 a los tribunales franceses de conformidad con las normas de competencia vigentes. Propiedad intelectual Todo el contenido de Visit85.com (textos, fotos, dibujos) es propiedad de su autor. Est\u00e1 protegido por las leyes de propiedad intelectual. Queda prohibida la reproducci\u00f3n total o parcial de este sitio sin la autorizaci\u00f3n expresa del editor. Las marcas mencionadas, en particular Puy du Fou, est\u00e1n protegidas por el derecho de propiedad intelectual y pertenecen a sus respectivos propietarios. Editorial Tirox Media, 6 rue de la Chicanette, 34880 LAVERUNE SAS con un capital de 1.000 euros inscrita en el RCS Montpellier con el n\u00famero 884067026. Director de publicaci\u00f3n: M. Issarte Correo electr\u00f3nico: a trav\u00e9s del formulario de contacto al final de la p\u00e1gina Anfitri\u00f3n o2switch 222-224 Boulevard Gustave Flaubert 63000 Clermont-Ferrand Confidencialidad Se informa a los usuarios de que, cuando visitan el sitio, puede instalarse autom\u00e1ticamente una cookie en su navegador. Una cookie es un bloque de datos que no permite identificar al usuario, pero que se utiliza para registrar informaci\u00f3n relativa a su navegaci\u00f3n por el sitio. Las cookies pueden utilizarse para facilitar el acceso de los usuarios a sus cuentas y para mostrar banners publicitarios y ofertas por correo electr\u00f3nico adaptadas a sus h\u00e1bitos de navegaci\u00f3n. Afiliaci\u00f3n y publicidad Este sitio puede contener enlaces de afiliados en determinadas p\u00e1ginas. Esto significa que cada vez que un visitante utiliza o compra un servicio haciendo clic en un enlace de afiliado, se paga una comisi\u00f3n al editor de este sitio sin coste adicional para el usuario. Este sitio tambi\u00e9n puede contener art\u00edculos o anuncios.<\/p>\n","protected":false},"author":1,"featured_media":0,"parent":0,"menu_order":0,"comment_status":"closed","ping_status":"closed","template":"elementor_header_footer","meta":{"_seopress_robots_primary_cat":"","_seopress_titles_title":"","_seopress_titles_desc":"","_seopress_robots_index":"yes","site-sidebar-layout":"default","site-content-layout":"","ast-site-content-layout":"default","site-content-style":"default","site-sidebar-style":"default","ast-global-header-display":"","ast-banner-title-visibility":"","ast-main-header-display":"","ast-hfb-above-header-display":"","ast-hfb-below-header-display":"","ast-hfb-mobile-header-display":"","site-post-title":"","ast-breadcrumbs-content":"","ast-featured-img":"","footer-sml-layout":"","ast-disable-related-posts":"","theme-transparent-header-meta":"","adv-header-id-meta":"","stick-header-meta":"","header-above-stick-meta":"","header-main-stick-meta":"","header-below-stick-meta":"","astra-migrate-meta-layouts":"default","ast-page-background-enabled":"default","ast-page-background-meta":{"desktop":{"background-color":"var(--ast-global-color-4)","background-image":"","background-repeat":"repeat","background-position":"center center","background-size":"auto","background-attachment":"scroll","background-type":"","background-media":"","overlay-type":"","overlay-color":"","overlay-opacity":"","overlay-gradient":""},"tablet":{"background-color":"","background-image":"","background-repeat":"repeat","background-position":"center center","background-size":"auto","background-attachment":"scroll","background-type":"","background-media":"","overlay-type":"","overlay-color":"","overlay-opacity":"","overlay-gradient":""},"mobile":{"background-color":"","background-image":"","background-repeat":"repeat","background-position":"center center","background-size":"auto","background-attachment":"scroll","background-type":"","background-media":"","overlay-type":"","overlay-color":"","overlay-opacity":"","overlay-gradient":""}},"ast-content-background-meta":{"desktop":{"background-color":"var(--ast-global-color-5)","background-image":"","background-repeat":"repeat","background-position":"center center","background-size":"auto","background-attachment":"scroll","background-type":"","background-media":"","overlay-type":"","overlay-color":"","overlay-opacity":"","overlay-gradient":""},"tablet":{"background-color":"var(--ast-global-color-5)","background-image":"","background-repeat":"repeat","background-position":"center center","background-size":"auto","background-attachment":"scroll","background-type":"","background-media":"","overlay-type":"","overlay-color":"","overlay-opacity":"","overlay-gradient":""},"mobile":{"background-color":"var(--ast-global-color-5)","background-image":"","background-repeat":"repeat","background-position":"center center","background-size":"auto","background-attachment":"scroll","background-type":"","background-media":"","overlay-type":"","overlay-color":"","overlay-opacity":"","overlay-gradient":""}},"footnotes":""},"class_list":["post-8140","page","type-page","status-publish","hentry"],"_links":{"self":[{"href":"https:\/\/visit85.com\/es\/wp-json\/wp\/v2\/pages\/8140","targetHints":{"allow":["GET"]}}],"collection":[{"href":"https:\/\/visit85.com\/es\/wp-json\/wp\/v2\/pages"}],"about":[{"href":"https:\/\/visit85.com\/es\/wp-json\/wp\/v2\/types\/page"}],"author":[{"embeddable":true,"href":"https:\/\/visit85.com\/es\/wp-json\/wp\/v2\/users\/1"}],"replies":[{"embeddable":true,"href":"https:\/\/visit85.com\/es\/wp-json\/wp\/v2\/comments?post=8140"}],"version-history":[{"count":0,"href":"https:\/\/visit85.com\/es\/wp-json\/wp\/v2\/pages\/8140\/revisions"}],"wp:attachment":[{"href":"https:\/\/visit85.com\/es\/wp-json\/wp\/v2\/media?parent=8140"}],"curies":[{"name":"wp","href":"https:\/\/api.w.org\/{rel}","templated":true}]}}