{"id":8218,"date":"2025-05-21T18:13:13","date_gmt":"2025-05-21T16:13:13","guid":{"rendered":"https:\/\/visit85.com\/politica-de-privacidad\/"},"modified":"2025-06-26T07:32:18","modified_gmt":"2025-06-26T05:32:18","slug":"politica-de-privacidad","status":"publish","type":"page","link":"https:\/\/visit85.com\/es\/politica-de-privacidad\/","title":{"rendered":"Pol\u00edtica de privacidad"},"content":{"rendered":"<style>.elementor-8218 .elementor-element.elementor-element-1a833cb{--display:flex;--flex-direction:row;--container-widget-width:calc( ( 1 - var( --container-widget-flex-grow ) ) * 100% );--container-widget-height:100%;--container-widget-flex-grow:1;--container-widget-align-self:stretch;--flex-wrap-mobile:wrap;--justify-content:center;--align-items:center;--padding-top:264px;--padding-bottom:164px;--padding-left:0px;--padding-right:0px;}.elementor-8218 .elementor-element.elementor-element-1a833cb:not(.elementor-motion-effects-element-type-background), .elementor-8218 .elementor-element.elementor-element-1a833cb > .elementor-motion-effects-container > .elementor-motion-effects-layer{background-color:transparent;background-image:linear-gradient(148deg, var( --e-global-color-45d3d51 ) 48%, var( --e-global-color-secondary ) 100%);}.elementor-8218 .elementor-element.elementor-element-b225950{--display:flex;}.elementor-8218 .elementor-element.elementor-element-85a5dd7 .elementor-heading-title{font-size:54px;line-height:1.2em;color:#EECB94;}.elementor-8218 .elementor-element.elementor-element-f83b660 .breadcrumb{text-align:left;font-family:\"Epilogue\", Sans-serif;font-size:14px;font-weight:700;text-transform:none;font-style:normal;text-decoration:none;line-height:1.3em;color:var( --e-global-color-accent );}.elementor-8218 .elementor-element.elementor-element-f83b660 .breadcrumb a{color:var( --e-global-color-ee6de7f );}.elementor-8218 .elementor-element.elementor-element-f83b660 .breadcrumb a:hover{color:var( --e-global-color-accent );}.elementor-8218 .elementor-element.elementor-element-f83b660 > .elementor-widget-container{margin:-15px 0px 0px 0px;padding:0px 0px 0px 0px;}.elementor-8218 .elementor-element.elementor-element-f83b660{width:100%;max-width:100%;}.elementor-8218 .elementor-element.elementor-element-ca3be03{--display:flex;}.elementor-8218 .elementor-element.elementor-element-b8c30be{--display:flex;--padding-top:40px;--padding-bottom:40px;--padding-left:40px;--padding-right:40px;}@media(min-width:768px){.elementor-8218 .elementor-element.elementor-element-1a833cb{--content-width:1164px;}}@media(max-width:1366px) and (min-width:768px){.elementor-8218 .elementor-element.elementor-element-1a833cb{--content-width:1100px;}.elementor-8218 .elementor-element.elementor-element-b8c30be{--content-width:1100px;}}@media(max-width:1366px){.elementor-8218 .elementor-element.elementor-element-1a833cb{--padding-top:240px;--padding-bottom:80px;--padding-left:0px;--padding-right:0px;}.elementor-8218 .elementor-element.elementor-element-85a5dd7 .elementor-heading-title{font-size:40px;}}@media(max-width:767px){.elementor-8218 .elementor-element.elementor-element-1a833cb{--padding-top:120px;--padding-bottom:40px;--padding-left:12px;--padding-right:12px;}.elementor-8218 .elementor-element.elementor-element-85a5dd7 .elementor-heading-title{font-size:28px;}.elementor-8218 .elementor-element.elementor-element-b8c30be{--padding-top:20px;--padding-bottom:20px;--padding-left:20px;--padding-right:20px;}}<\/style>\t\t<div data-elementor-type=\"wp-page\" data-elementor-id=\"8218\" class=\"elementor elementor-8218 elementor-3682\" data-elementor-settings=\"{&quot;ha_cmc_init_switcher&quot;:&quot;no&quot;}\">\n\t\t\t\t<div class=\"elementor-element elementor-element-1a833cb e-flex e-con-boxed wpr-particle-no wpr-jarallax-no wpr-parallax-no wpr-sticky-section-no wpr-equal-height-no e-con e-parent\" data-id=\"1a833cb\" data-element_type=\"container\" data-e-type=\"container\" data-settings=\"{&quot;background_background&quot;:&quot;gradient&quot;,&quot;_ha_eqh_enable&quot;:false}\">\n\t\t\t\t\t<div class=\"e-con-inner\">\n\t\t<div class=\"elementor-element elementor-element-b225950 e-con-full e-flex wpr-particle-no wpr-jarallax-no wpr-parallax-no wpr-sticky-section-no wpr-equal-height-no e-con e-child\" data-id=\"b225950\" data-element_type=\"container\" data-e-type=\"container\" data-settings=\"{&quot;_ha_eqh_enable&quot;:false}\">\n\t\t\t\t<div class=\"elementor-element elementor-element-85a5dd7 elementor-widget elementor-widget-heading\" data-id=\"85a5dd7\" data-element_type=\"widget\" data-e-type=\"widget\" data-widget_type=\"heading.default\">\n\t\t\t\t<div class=\"elementor-widget-container\">\n\t\t\t\t\t<h1 class=\"elementor-heading-title elementor-size-default\">Pol\u00edtica de privacidad<\/h1>\t\t\t\t<\/div>\n\t\t\t\t<\/div>\n\t\t\t\t<div class=\"elementor-element elementor-element-f83b660 elementor-widget__width-inherit elementor-widget elementor-widget-sp-breadcrumbs\" data-id=\"f83b660\" data-element_type=\"widget\" data-e-type=\"widget\" data-widget_type=\"sp-breadcrumbs.default\">\n\t\t\t\t<div class=\"elementor-widget-container\">\n\t\t\t\t\t<nav  aria-label=\"migas de pan\"><ol class=\"breadcrumb\" itemscope itemtype=\"https:\/\/schema.org\/BreadcrumbList\"><li class=\"breadcrumb-item active\" aria-current=\"page\" itemprop=\"itemListElement\" itemscope itemtype=\"https:\/\/schema.org\/ListItem\"><span itemprop=\"name\">Inicio<\/span><meta itemprop=\"position\" content=\"1\"><\/li><\/ol><\/nav>\t\t\t\t<\/div>\n\t\t\t\t<\/div>\n\t\t\t\t<\/div>\n\t\t<div class=\"elementor-element elementor-element-ca3be03 e-con-full e-flex wpr-particle-no wpr-jarallax-no wpr-parallax-no wpr-sticky-section-no wpr-equal-height-no e-con e-child\" data-id=\"ca3be03\" data-element_type=\"container\" data-e-type=\"container\" data-settings=\"{&quot;background_background&quot;:&quot;classic&quot;,&quot;_ha_eqh_enable&quot;:false}\">\n\t\t\t\t<\/div>\n\t\t\t\t\t<\/div>\n\t\t\t\t<\/div>\n\t\t<div class=\"elementor-element elementor-element-b8c30be e-flex e-con-boxed wpr-particle-no wpr-jarallax-no wpr-parallax-no wpr-sticky-section-no wpr-equal-height-no e-con e-parent\" data-id=\"b8c30be\" data-element_type=\"container\" data-e-type=\"container\" data-settings=\"{&quot;_ha_eqh_enable&quot;:false}\">\n\t\t\t\t\t<div class=\"e-con-inner\">\n\t\t\t\t<div class=\"elementor-element elementor-element-bfdba10 elementor-widget elementor-widget-text-editor\" data-id=\"bfdba10\" data-element_type=\"widget\" data-e-type=\"widget\" data-widget_type=\"text-editor.default\">\n\t\t\t\t<div class=\"elementor-widget-container\">\n\t\t\t\t\t\t\t\t\t<h2>Datos recogidos<\/h2><p>Recogemos determinados <strong>datos personales<\/strong> para mejorar tu experiencia en el sitio <em>Visit 85<\/em> y para garantizar el buen funcionamiento de nuestros servicios afiliados a <em>Puy du Fou<\/em>.<\/p><p>La informaci\u00f3n recopilada incluye tu <strong>direcci\u00f3n IP<\/strong>, <strong>datos de navegaci\u00f3n<\/strong> y cualquier informaci\u00f3n que nos env\u00edes voluntariamente a trav\u00e9s de formularios (como tu direcci\u00f3n de correo electr\u00f3nico).<\/p><p>Estos datos nos permiten comprender mejor tus necesidades, optimizar el contenido y ofrecerte ofertas personalizadas. Nos comprometemos a tratar esta informaci\u00f3n con la m\u00e1xima confidencialidad y de conformidad con la normativa vigente. <\/p><h2>Cookies<\/h2><p>El sitio web <em>Visit 85<\/em> utiliza <strong>cookies<\/strong> para garantizar que sus servicios funcionan correctamente y para mejorar tu experiencia de navegaci\u00f3n.<\/p><p>Estas cookies pueden ser necesarias para el funcionamiento t\u00e9cnico del sitio, o destinadas a analizar tu comportamiento con el fin de optimizar nuestras p\u00e1ginas y las ofertas que te presentamos a trav\u00e9s de nuestros enlaces afiliados.<\/p><p>Puedes gestionar tus preferencias de cookies directamente desde tu navegador, y rechazar su uso si lo deseas. Sin embargo, esto puede afectar a algunas de las funciones del sitio. <\/p><h2>Herramientas utilizadas<\/h2><p>Para garantizar una calidad \u00f3ptima, <em>Visit 85<\/em> utiliza una serie de herramientas y servicios de terceros:<\/p><ul><li><p><strong>Google Analytics<\/strong>: para analizar las estad\u00edsticas de tr\u00e1fico y comprender mejor el comportamiento de los visitantes.<\/p><\/li><li><p><strong>Google Tag Manager<\/strong>: para una gesti\u00f3n eficaz de las etiquetas de seguimiento.<\/p><\/li><li><p><strong>Servicios de afiliaci\u00f3n de<\/strong> socios de <em>Puy du Fou<\/em>, que garantizan la redirecci\u00f3n a ofertas seguras.<\/p><\/li><\/ul><p>Todas estas herramientas cumplen la legislaci\u00f3n sobre protecci\u00f3n de datos personales.<\/p><p><\/p><p><\/p>\t\t\t\t\t\t\t\t<\/div>\n\t\t\t\t<\/div>\n\t\t\t\t\t<\/div>\n\t\t\t\t<\/div>\n\t\t\t\t<\/div>\n\t\t","protected":false},"excerpt":{"rendered":"<p>Pol\u00edtica de privacidad Accueil Datos recogidos Recogemos determinados datos personales para mejorar tu experiencia en el sitio Visit 85 y para garantizar el buen funcionamiento de nuestros servicios afiliados a Puy du Fou. La informaci\u00f3n recopilada incluye tu direcci\u00f3n IP, datos de navegaci\u00f3n y cualquier informaci\u00f3n que nos env\u00edes voluntariamente a trav\u00e9s de formularios (como tu direcci\u00f3n de correo electr\u00f3nico). Estos datos nos permiten comprender mejor tus necesidades, optimizar el contenido y ofrecerte ofertas personalizadas. Nos comprometemos a tratar esta informaci\u00f3n con la m\u00e1xima confidencialidad y de conformidad con la normativa vigente. Cookies El sitio web Visit 85 utiliza cookies para garantizar que sus servicios funcionan correctamente y para mejorar tu experiencia de navegaci\u00f3n. Estas cookies pueden ser necesarias para el funcionamiento t\u00e9cnico del sitio, o destinadas a analizar tu comportamiento con el fin de optimizar nuestras p\u00e1ginas y las ofertas que te presentamos a trav\u00e9s de nuestros enlaces afiliados. Puedes gestionar tus preferencias de cookies directamente desde tu navegador, y rechazar su uso si lo deseas. Sin embargo, esto puede afectar a algunas de las funciones del sitio. Herramientas utilizadas Para garantizar una calidad \u00f3ptima, Visit 85 utiliza una serie de herramientas y servicios de terceros: Google Analytics: para analizar las estad\u00edsticas de tr\u00e1fico y comprender mejor el comportamiento de los visitantes. Google Tag Manager: para una gesti\u00f3n eficaz de las etiquetas de seguimiento. Servicios de afiliaci\u00f3n de socios de Puy du Fou, que garantizan la redirecci\u00f3n a ofertas seguras. Todas estas herramientas cumplen la legislaci\u00f3n sobre protecci\u00f3n de datos personales.<\/p>\n","protected":false},"author":19,"featured_media":0,"parent":0,"menu_order":0,"comment_status":"closed","ping_status":"closed","template":"elementor_header_footer","meta":{"_seopress_robots_primary_cat":"","_seopress_titles_title":"Pol\u00edtica de privacidad y gesti\u00f3n de datos","_seopress_titles_desc":"","_seopress_robots_index":"yes","site-sidebar-layout":"no-sidebar","site-content-layout":"","ast-site-content-layout":"full-width-container","site-content-style":"default","site-sidebar-style":"default","ast-global-header-display":"","ast-banner-title-visibility":"","ast-main-header-display":"","ast-hfb-above-header-display":"","ast-hfb-below-header-display":"","ast-hfb-mobile-header-display":"","site-post-title":"disabled","ast-breadcrumbs-content":"","ast-featured-img":"disabled","footer-sml-layout":"","ast-disable-related-posts":"","theme-transparent-header-meta":"","adv-header-id-meta":"","stick-header-meta":"","header-above-stick-meta":"","header-main-stick-meta":"","header-below-stick-meta":"","astra-migrate-meta-layouts":"default","ast-page-background-enabled":"default","ast-page-background-meta":{"desktop":{"background-color":"var(--ast-global-color-4)","background-image":"","background-repeat":"repeat","background-position":"center center","background-size":"auto","background-attachment":"scroll","background-type":"","background-media":"","overlay-type":"","overlay-color":"","overlay-opacity":"","overlay-gradient":""},"tablet":{"background-color":"","background-image":"","background-repeat":"repeat","background-position":"center center","background-size":"auto","background-attachment":"scroll","background-type":"","background-media":"","overlay-type":"","overlay-color":"","overlay-opacity":"","overlay-gradient":""},"mobile":{"background-color":"","background-image":"","background-repeat":"repeat","background-position":"center center","background-size":"auto","background-attachment":"scroll","background-type":"","background-media":"","overlay-type":"","overlay-color":"","overlay-opacity":"","overlay-gradient":""}},"ast-content-background-meta":{"desktop":{"background-color":"var(--ast-global-color-5)","background-image":"","background-repeat":"repeat","background-position":"center center","background-size":"auto","background-attachment":"scroll","background-type":"","background-media":"","overlay-type":"","overlay-color":"","overlay-opacity":"","overlay-gradient":""},"tablet":{"background-color":"var(--ast-global-color-5)","background-image":"","background-repeat":"repeat","background-position":"center center","background-size":"auto","background-attachment":"scroll","background-type":"","background-media":"","overlay-type":"","overlay-color":"","overlay-opacity":"","overlay-gradient":""},"mobile":{"background-color":"var(--ast-global-color-5)","background-image":"","background-repeat":"repeat","background-position":"center center","background-size":"auto","background-attachment":"scroll","background-type":"","background-media":"","overlay-type":"","overlay-color":"","overlay-opacity":"","overlay-gradient":""}},"footnotes":""},"class_list":["post-8218","page","type-page","status-publish","hentry"],"_links":{"self":[{"href":"https:\/\/visit85.com\/es\/wp-json\/wp\/v2\/pages\/8218","targetHints":{"allow":["GET"]}}],"collection":[{"href":"https:\/\/visit85.com\/es\/wp-json\/wp\/v2\/pages"}],"about":[{"href":"https:\/\/visit85.com\/es\/wp-json\/wp\/v2\/types\/page"}],"author":[{"embeddable":true,"href":"https:\/\/visit85.com\/es\/wp-json\/wp\/v2\/users\/19"}],"replies":[{"embeddable":true,"href":"https:\/\/visit85.com\/es\/wp-json\/wp\/v2\/comments?post=8218"}],"version-history":[{"count":0,"href":"https:\/\/visit85.com\/es\/wp-json\/wp\/v2\/pages\/8218\/revisions"}],"wp:attachment":[{"href":"https:\/\/visit85.com\/es\/wp-json\/wp\/v2\/media?parent=8218"}],"curies":[{"name":"wp","href":"https:\/\/api.w.org\/{rel}","templated":true}]}}